{"id":9492,"date":"2022-07-01T08:03:07","date_gmt":"2022-07-01T06:03:07","guid":{"rendered":"https:\/\/asemblo.pl\/galerie-handlowe\/"},"modified":"2025-03-02T22:03:06","modified_gmt":"2025-03-02T21:03:06","slug":"galerie-handlowe","status":"publish","type":"page","link":"https:\/\/asemblo.pl\/en\/galerie-handlowe\/","title":{"rendered":"Galerie Handlowe"},"content":{"rendered":"\t\t<div data-elementor-type=\"wp-page\" data-elementor-id=\"9492\" class=\"elementor elementor-9492 elementor-7973\">\n\t\t\t\t\t\t<section class=\"elementor-section elementor-top-section elementor-element elementor-element-501e58a elementor-section-height-min-height elementor-section-boxed elementor-section-height-default elementor-section-items-middle\" data-id=\"501e58a\" data-element_type=\"section\" data-e-type=\"section\" data-settings=\"{&quot;background_background&quot;:&quot;classic&quot;}\">\n\t\t\t\t\t\t<div class=\"elementor-container elementor-column-gap-default\">\n\t\t\t\t\t<div class=\"elementor-column elementor-col-100 elementor-top-column elementor-element elementor-element-e0d64b7 ot-flex-column-vertical\" data-id=\"e0d64b7\" data-element_type=\"column\" data-e-type=\"column\">\n\t\t\t<div class=\"elementor-widget-wrap elementor-element-populated\">\n\t\t\t\t\t\t<div class=\"elementor-element elementor-element-9b2e325 elementor-widget elementor-widget-text-editor\" data-id=\"9b2e325\" data-element_type=\"widget\" data-e-type=\"widget\" data-widget_type=\"text-editor.default\">\n\t\t\t\t<div class=\"elementor-widget-container\">\n\t\t\t\t\t\t\t\t\tWIELOLETNIA WSP\u00d3\u0141PRACA Z GALERIAMI HANDLOWYMI, GDZIE MOGLI\u015aMY WYKAZA\u0106 NASZ\u0104 JAKO\u015a\u0106 I PROFESJONALIZM,\t\t\t\t\t\t\t\t<\/div>\n\t\t\t\t<\/div>\n\t\t\t\t<div class=\"elementor-element elementor-element-c51f237 elementor-widget elementor-widget-text-editor\" data-id=\"c51f237\" data-element_type=\"widget\" data-e-type=\"widget\" data-widget_type=\"text-editor.default\">\n\t\t\t\t<div class=\"elementor-widget-container\">\n\t\t\t\t\t\t\t\t\tZAOWOCOWA\u0141A ZLECENIAMI OD W\u0141A\u015aCICIELI GALERII.\t\t\t\t\t\t\t\t<\/div>\n\t\t\t\t<\/div>\n\t\t\t\t\t<\/div>\n\t\t<\/div>\n\t\t\t\t\t<\/div>\n\t\t<\/section>\n\t\t\t\t<section class=\"elementor-section elementor-top-section elementor-element elementor-element-edab36c elementor-section-boxed elementor-section-height-default elementor-section-height-default\" data-id=\"edab36c\" data-element_type=\"section\" data-e-type=\"section\" data-settings=\"{&quot;background_background&quot;:&quot;classic&quot;}\">\n\t\t\t\t\t\t<div class=\"elementor-container elementor-column-gap-default\">\n\t\t\t\t\t<div class=\"elementor-column elementor-col-100 elementor-top-column elementor-element elementor-element-dfe5768 ot-flex-column-vertical\" data-id=\"dfe5768\" data-element_type=\"column\" data-e-type=\"column\">\n\t\t\t<div class=\"elementor-widget-wrap elementor-element-populated\">\n\t\t\t\t\t\t<div class=\"elementor-element elementor-element-0050906 theratio-align-center elementor-widget elementor-widget-iheading\" data-id=\"0050906\" data-element_type=\"widget\" data-e-type=\"widget\" data-widget_type=\"iheading.default\">\n\t\t\t\t<div class=\"elementor-widget-container\">\n\t\t\t\t\t\t\t<div class=\"ot-heading is-dots\">\r\n\t        \t            <span>[ Realizacje ]<\/span>\r\n\t        \t        <h2 class=\"main-heading\">Galerie handlowe<\/h2>\r\n\t        \t    <\/div>\r\n\t    \t\t\t\t<\/div>\n\t\t\t\t<\/div>\n\t\t\t\t<div class=\"elementor-element elementor-element-ae22ba9 elementor-widget elementor-widget-text-editor\" data-id=\"ae22ba9\" data-element_type=\"widget\" data-e-type=\"widget\" data-widget_type=\"text-editor.default\">\n\t\t\t\t<div class=\"elementor-widget-container\">\n\t\t\t\t\t\t\t\t\tDla galerii handlowych wykonujemy r\u00f3\u017cnego rodzaju prace takie jak: remonty, podzia\u0142y lokali, \u0142\u0105czenie lokali czy modernizacji przestrzeni wynajmowanych oraz wsp\u00f3lnych.\n\n\t\t\t\t\t\t\t\t<\/div>\n\t\t\t\t<\/div>\n\t\t\t\t\t<\/div>\n\t\t<\/div>\n\t\t\t\t\t<\/div>\n\t\t<\/section>\n\t\t\t\t<section class=\"elementor-section elementor-top-section elementor-element elementor-element-14f6e1b elementor-section-full_width elementor-section-stretched elementor-section-height-default elementor-section-height-default\" data-id=\"14f6e1b\" data-element_type=\"section\" data-e-type=\"section\" data-settings=\"{&quot;stretch_section&quot;:&quot;section-stretched&quot;}\">\n\t\t\t\t\t\t<div class=\"elementor-container elementor-column-gap-narrow\">\n\t\t\t\t\t<div class=\"elementor-column elementor-col-25 elementor-top-column elementor-element elementor-element-fac1f78 ot-flex-column-vertical\" data-id=\"fac1f78\" data-element_type=\"column\" data-e-type=\"column\">\n\t\t\t<div class=\"elementor-widget-wrap elementor-element-populated\">\n\t\t\t\t\t\t<div class=\"elementor-element elementor-element-9f62c99 elementor-widget elementor-widget-image\" data-id=\"9f62c99\" data-element_type=\"widget\" data-e-type=\"widget\" data-widget_type=\"image.default\">\n\t\t\t\t<div class=\"elementor-widget-container\">\n\t\t\t\t\t\t\t\t\t\t\t\t\t\t\t<img fetchpriority=\"high\" decoding=\"async\" width=\"1024\" height=\"669\" src=\"https:\/\/asemblo.pl\/wp-content\/uploads\/2022\/07\/GALERIE-1-1024x669.jpg\" class=\"attachment-large size-large wp-image-9460\" alt=\"\" srcset=\"https:\/\/asemblo.pl\/wp-content\/uploads\/2022\/07\/GALERIE-1-1024x669.jpg 1024w, https:\/\/asemblo.pl\/wp-content\/uploads\/2022\/07\/GALERIE-1-300x196.jpg 300w, https:\/\/asemblo.pl\/wp-content\/uploads\/2022\/07\/GALERIE-1-768x502.jpg 768w, https:\/\/asemblo.pl\/wp-content\/uploads\/2022\/07\/GALERIE-1-1536x1004.jpg 1536w, https:\/\/asemblo.pl\/wp-content\/uploads\/2022\/07\/GALERIE-1-2048x1339.jpg 2048w\" sizes=\"(max-width: 1024px) 100vw, 1024px\" \/>\t\t\t\t\t\t\t\t\t\t\t\t\t\t\t<\/div>\n\t\t\t\t<\/div>\n\t\t\t\t\t<\/div>\n\t\t<\/div>\n\t\t\t\t<div class=\"elementor-column elementor-col-25 elementor-top-column elementor-element elementor-element-117f05f ot-flex-column-vertical\" data-id=\"117f05f\" data-element_type=\"column\" data-e-type=\"column\">\n\t\t\t<div class=\"elementor-widget-wrap elementor-element-populated\">\n\t\t\t\t\t\t<div class=\"elementor-element elementor-element-13421c2 elementor-widget elementor-widget-image\" data-id=\"13421c2\" data-element_type=\"widget\" data-e-type=\"widget\" data-widget_type=\"image.default\">\n\t\t\t\t<div class=\"elementor-widget-container\">\n\t\t\t\t\t\t\t\t\t\t\t\t\t\t\t<img decoding=\"async\" width=\"1024\" height=\"669\" src=\"https:\/\/asemblo.pl\/wp-content\/uploads\/2022\/07\/GALERIE-3-1024x669.jpg\" class=\"attachment-large size-large wp-image-9461\" alt=\"\" srcset=\"https:\/\/asemblo.pl\/wp-content\/uploads\/2022\/07\/GALERIE-3-1024x669.jpg 1024w, https:\/\/asemblo.pl\/wp-content\/uploads\/2022\/07\/GALERIE-3-300x196.jpg 300w, https:\/\/asemblo.pl\/wp-content\/uploads\/2022\/07\/GALERIE-3-768x502.jpg 768w, https:\/\/asemblo.pl\/wp-content\/uploads\/2022\/07\/GALERIE-3-1536x1004.jpg 1536w, https:\/\/asemblo.pl\/wp-content\/uploads\/2022\/07\/GALERIE-3-2048x1339.jpg 2048w\" sizes=\"(max-width: 1024px) 100vw, 1024px\" \/>\t\t\t\t\t\t\t\t\t\t\t\t\t\t\t<\/div>\n\t\t\t\t<\/div>\n\t\t\t\t\t<\/div>\n\t\t<\/div>\n\t\t\t\t<div class=\"elementor-column elementor-col-25 elementor-top-column elementor-element elementor-element-b16b94b ot-flex-column-vertical\" data-id=\"b16b94b\" data-element_type=\"column\" data-e-type=\"column\">\n\t\t\t<div class=\"elementor-widget-wrap elementor-element-populated\">\n\t\t\t\t\t\t<div class=\"elementor-element elementor-element-bc2a1fe elementor-widget elementor-widget-image\" data-id=\"bc2a1fe\" data-element_type=\"widget\" data-e-type=\"widget\" data-widget_type=\"image.default\">\n\t\t\t\t<div class=\"elementor-widget-container\">\n\t\t\t\t\t\t\t\t\t\t\t\t\t\t\t<img decoding=\"async\" width=\"1024\" height=\"669\" src=\"https:\/\/asemblo.pl\/wp-content\/uploads\/2022\/07\/GALERIE-2-1024x669.jpg\" class=\"attachment-large size-large wp-image-9462\" alt=\"\" srcset=\"https:\/\/asemblo.pl\/wp-content\/uploads\/2022\/07\/GALERIE-2-1024x669.jpg 1024w, https:\/\/asemblo.pl\/wp-content\/uploads\/2022\/07\/GALERIE-2-300x196.jpg 300w, https:\/\/asemblo.pl\/wp-content\/uploads\/2022\/07\/GALERIE-2-768x502.jpg 768w, https:\/\/asemblo.pl\/wp-content\/uploads\/2022\/07\/GALERIE-2-1536x1004.jpg 1536w, https:\/\/asemblo.pl\/wp-content\/uploads\/2022\/07\/GALERIE-2-2048x1339.jpg 2048w\" sizes=\"(max-width: 1024px) 100vw, 1024px\" \/>\t\t\t\t\t\t\t\t\t\t\t\t\t\t\t<\/div>\n\t\t\t\t<\/div>\n\t\t\t\t\t<\/div>\n\t\t<\/div>\n\t\t\t\t<div class=\"elementor-column elementor-col-25 elementor-top-column elementor-element elementor-element-05955f4 ot-flex-column-vertical\" data-id=\"05955f4\" data-element_type=\"column\" data-e-type=\"column\">\n\t\t\t<div class=\"elementor-widget-wrap elementor-element-populated\">\n\t\t\t\t\t\t<div class=\"elementor-element elementor-element-22271dd elementor-widget elementor-widget-image\" data-id=\"22271dd\" data-element_type=\"widget\" data-e-type=\"widget\" data-widget_type=\"image.default\">\n\t\t\t\t<div class=\"elementor-widget-container\">\n\t\t\t\t\t\t\t\t\t\t\t\t\t\t\t<img loading=\"lazy\" decoding=\"async\" width=\"1024\" height=\"669\" src=\"https:\/\/asemblo.pl\/wp-content\/uploads\/2022\/07\/GALERIE-4-1024x669.jpg\" class=\"attachment-large size-large wp-image-9463\" alt=\"\" srcset=\"https:\/\/asemblo.pl\/wp-content\/uploads\/2022\/07\/GALERIE-4-1024x669.jpg 1024w, https:\/\/asemblo.pl\/wp-content\/uploads\/2022\/07\/GALERIE-4-300x196.jpg 300w, https:\/\/asemblo.pl\/wp-content\/uploads\/2022\/07\/GALERIE-4-768x502.jpg 768w, https:\/\/asemblo.pl\/wp-content\/uploads\/2022\/07\/GALERIE-4-1536x1004.jpg 1536w, https:\/\/asemblo.pl\/wp-content\/uploads\/2022\/07\/GALERIE-4-2048x1339.jpg 2048w\" sizes=\"(max-width: 1024px) 100vw, 1024px\" \/>\t\t\t\t\t\t\t\t\t\t\t\t\t\t\t<\/div>\n\t\t\t\t<\/div>\n\t\t\t\t\t<\/div>\n\t\t<\/div>\n\t\t\t\t\t<\/div>\n\t\t<\/section>\n\t\t\t\t<\/div>\n\t\t","protected":false},"excerpt":{"rendered":"<p>WIELOLETNIA WSP\u00d3\u0141PRACA Z GALERIAMI HANDLOWYMI, GDZIE MOGLI\u015aMY WYKAZA\u0106 NASZ\u0104 JAKO\u015a\u0106 I PROFESJONALIZM,ZAOWOCOWA\u0141A ZLECENIAMI OD W\u0141A\u015aCICIELI GALERII. [ Realizacje ] Galerie handlowe Dla galerii handlowych wykonujemy r\u00f3\u017cnego rodzaju prace takie jak: remonty, podzia\u0142y lokali, \u0142\u0105czenie lokali czy modernizacji przestrzeni wynajmowanych oraz wsp\u00f3lnych.<\/p>\n","protected":false},"author":1,"featured_media":0,"parent":0,"menu_order":0,"comment_status":"closed","ping_status":"closed","template":"","meta":{"_acf_changed":false,"om_disable_all_campaigns":false,"footnotes":""},"class_list":["post-9492","page","type-page","status-publish","hentry"],"acf":[],"yoast_head":"<!-- This site is optimized with the Yoast SEO plugin v27.5 - https:\/\/yoast.com\/product\/yoast-seo-wordpress\/ -->\n<title>Galerie Handlowe - Asemblo<\/title>\n<meta name=\"description\" content=\"WIELOLETNIA WSP\u00d3\u0141PRACA Z GALERIAMI HANDLOWYMI, GDZIE MOGLI\u015aMY WYKAZA\u0106 NASZ\u0104 JAKO\u015a\u0106 I PROFESJONALIZM,ZAOWOCOWA\u0141A ZLECENIAMI OD W\u0141A\u015aCICIELI GALERII.                      Galerie handlowe  Dla galerii handlowych wykonujemy r\u00f3\u017cnego rodzaju prace takie jak: remonty, podzia\u0142y lokali, \u0142\u0105czenie lokali czy modernizacji przestrzeni wynajmowanych oraz wsp\u00f3lnych.\" \/>\n<meta name=\"robots\" content=\"index, follow, max-snippet:-1, max-image-preview:large, max-video-preview:-1\" \/>\n<link rel=\"canonical\" href=\"https:\/\/asemblo.pl\/en\/galerie-handlowe\/\" \/>\n<meta property=\"og:locale\" content=\"en_US\" \/>\n<meta property=\"og:type\" content=\"article\" \/>\n<meta property=\"og:title\" content=\"Galerie Handlowe - Asemblo\" \/>\n<meta property=\"og:description\" content=\"WIELOLETNIA WSP\u00d3\u0141PRACA Z GALERIAMI HANDLOWYMI, GDZIE MOGLI\u015aMY WYKAZA\u0106 NASZ\u0104 JAKO\u015a\u0106 I PROFESJONALIZM,ZAOWOCOWA\u0141A ZLECENIAMI OD W\u0141A\u015aCICIELI GALERII.                      Galerie handlowe  Dla galerii handlowych wykonujemy r\u00f3\u017cnego rodzaju prace takie jak: remonty, podzia\u0142y lokali, \u0142\u0105czenie lokali czy modernizacji przestrzeni wynajmowanych oraz wsp\u00f3lnych.\" \/>\n<meta property=\"og:url\" content=\"https:\/\/asemblo.pl\/en\/galerie-handlowe\/\" \/>\n<meta property=\"og:site_name\" content=\"Asemblo\" \/>\n<meta property=\"article:publisher\" content=\"https:\/\/www.facebook.com\/people\/Asemblo\/100061845887243\/\" \/>\n<meta property=\"article:modified_time\" content=\"2025-03-02T21:03:06+00:00\" \/>\n<meta property=\"og:image\" content=\"https:\/\/asemblo.pl\/wp-content\/uploads\/2022\/07\/GALERIE-1-1024x669.jpg\" \/>\n<meta name=\"twitter:card\" content=\"summary_large_image\" \/>\n<script type=\"application\/ld+json\" class=\"yoast-schema-graph\">{\"@context\":\"https:\\\/\\\/schema.org\",\"@graph\":[{\"@type\":\"WebPage\",\"@id\":\"https:\\\/\\\/asemblo.pl\\\/en\\\/galerie-handlowe\\\/\",\"url\":\"https:\\\/\\\/asemblo.pl\\\/en\\\/galerie-handlowe\\\/\",\"name\":\"Galerie Handlowe - Asemblo\",\"isPartOf\":{\"@id\":\"https:\\\/\\\/asemblo.pl\\\/en\\\/#website\"},\"primaryImageOfPage\":{\"@id\":\"https:\\\/\\\/asemblo.pl\\\/en\\\/galerie-handlowe\\\/#primaryimage\"},\"image\":{\"@id\":\"https:\\\/\\\/asemblo.pl\\\/en\\\/galerie-handlowe\\\/#primaryimage\"},\"thumbnailUrl\":\"https:\\\/\\\/asemblo.pl\\\/wp-content\\\/uploads\\\/2022\\\/07\\\/GALERIE-1-1024x669.jpg\",\"datePublished\":\"2022-07-01T06:03:07+00:00\",\"dateModified\":\"2025-03-02T21:03:06+00:00\",\"description\":\"WIELOLETNIA WSP\u00d3\u0141PRACA Z GALERIAMI HANDLOWYMI, GDZIE MOGLI\u015aMY WYKAZA\u0106 NASZ\u0104 JAKO\u015a\u0106 I PROFESJONALIZM,ZAOWOCOWA\u0141A ZLECENIAMI OD W\u0141A\u015aCICIELI GALERII. Galerie handlowe Dla galerii handlowych wykonujemy r\u00f3\u017cnego rodzaju prace takie jak: remonty, podzia\u0142y lokali, \u0142\u0105czenie lokali czy modernizacji przestrzeni wynajmowanych oraz wsp\u00f3lnych.\",\"breadcrumb\":{\"@id\":\"https:\\\/\\\/asemblo.pl\\\/en\\\/galerie-handlowe\\\/#breadcrumb\"},\"inLanguage\":\"en-US\",\"potentialAction\":[{\"@type\":\"ReadAction\",\"target\":[\"https:\\\/\\\/asemblo.pl\\\/en\\\/galerie-handlowe\\\/\"]}]},{\"@type\":\"ImageObject\",\"inLanguage\":\"en-US\",\"@id\":\"https:\\\/\\\/asemblo.pl\\\/en\\\/galerie-handlowe\\\/#primaryimage\",\"url\":\"https:\\\/\\\/asemblo.pl\\\/wp-content\\\/uploads\\\/2022\\\/07\\\/GALERIE-1-1024x669.jpg\",\"contentUrl\":\"https:\\\/\\\/asemblo.pl\\\/wp-content\\\/uploads\\\/2022\\\/07\\\/GALERIE-1-1024x669.jpg\"},{\"@type\":\"BreadcrumbList\",\"@id\":\"https:\\\/\\\/asemblo.pl\\\/en\\\/galerie-handlowe\\\/#breadcrumb\",\"itemListElement\":[{\"@type\":\"ListItem\",\"position\":1,\"name\":\"Strona g\u0142\u00f3wna\",\"item\":\"https:\\\/\\\/asemblo.pl\\\/en\\\/\"},{\"@type\":\"ListItem\",\"position\":2,\"name\":\"Galerie Handlowe\"}]},{\"@type\":\"WebSite\",\"@id\":\"https:\\\/\\\/asemblo.pl\\\/en\\\/#website\",\"url\":\"https:\\\/\\\/asemblo.pl\\\/en\\\/\",\"name\":\"Asemblo\",\"description\":\"Projektowanie wn\u0119trz komercyjnych\",\"publisher\":{\"@id\":\"https:\\\/\\\/asemblo.pl\\\/en\\\/#organization\"},\"potentialAction\":[{\"@type\":\"SearchAction\",\"target\":{\"@type\":\"EntryPoint\",\"urlTemplate\":\"https:\\\/\\\/asemblo.pl\\\/en\\\/?s={search_term_string}\"},\"query-input\":{\"@type\":\"PropertyValueSpecification\",\"valueRequired\":true,\"valueName\":\"search_term_string\"}}],\"inLanguage\":\"en-US\"},{\"@type\":\"Organization\",\"@id\":\"https:\\\/\\\/asemblo.pl\\\/en\\\/#organization\",\"name\":\"Asemblo Sp. z o.o.\",\"url\":\"https:\\\/\\\/asemblo.pl\\\/en\\\/\",\"logo\":{\"@type\":\"ImageObject\",\"inLanguage\":\"en-US\",\"@id\":\"https:\\\/\\\/asemblo.pl\\\/en\\\/#\\\/schema\\\/logo\\\/image\\\/\",\"url\":\"https:\\\/\\\/asemblo.pl\\\/wp-content\\\/uploads\\\/2025\\\/04\\\/logo_Asemblo.jpg\",\"contentUrl\":\"https:\\\/\\\/asemblo.pl\\\/wp-content\\\/uploads\\\/2025\\\/04\\\/logo_Asemblo.jpg\",\"width\":800,\"height\":800,\"caption\":\"Asemblo Sp. z o.o.\"},\"image\":{\"@id\":\"https:\\\/\\\/asemblo.pl\\\/en\\\/#\\\/schema\\\/logo\\\/image\\\/\"},\"sameAs\":[\"https:\\\/\\\/www.facebook.com\\\/people\\\/Asemblo\\\/100061845887243\\\/\",\"https:\\\/\\\/www.linkedin.com\\\/company\\\/asemblo\\\/mycompany\\\/\"]}]}<\/script>\n<!-- \/ Yoast SEO plugin. -->","yoast_head_json":{"title":"Galerie Handlowe - Asemblo","description":"WIELOLETNIA WSP\u00d3\u0141PRACA Z GALERIAMI HANDLOWYMI, GDZIE MOGLI\u015aMY WYKAZA\u0106 NASZ\u0104 JAKO\u015a\u0106 I PROFESJONALIZM,ZAOWOCOWA\u0141A ZLECENIAMI OD W\u0141A\u015aCICIELI GALERII.                      Galerie handlowe  Dla galerii handlowych wykonujemy r\u00f3\u017cnego rodzaju prace takie jak: remonty, podzia\u0142y lokali, \u0142\u0105czenie lokali czy modernizacji przestrzeni wynajmowanych oraz wsp\u00f3lnych.","robots":{"index":"index","follow":"follow","max-snippet":"max-snippet:-1","max-image-preview":"max-image-preview:large","max-video-preview":"max-video-preview:-1"},"canonical":"https:\/\/asemblo.pl\/en\/galerie-handlowe\/","og_locale":"en_US","og_type":"article","og_title":"Galerie Handlowe - Asemblo","og_description":"WIELOLETNIA WSP\u00d3\u0141PRACA Z GALERIAMI HANDLOWYMI, GDZIE MOGLI\u015aMY WYKAZA\u0106 NASZ\u0104 JAKO\u015a\u0106 I PROFESJONALIZM,ZAOWOCOWA\u0141A ZLECENIAMI OD W\u0141A\u015aCICIELI GALERII.                      Galerie handlowe  Dla galerii handlowych wykonujemy r\u00f3\u017cnego rodzaju prace takie jak: remonty, podzia\u0142y lokali, \u0142\u0105czenie lokali czy modernizacji przestrzeni wynajmowanych oraz wsp\u00f3lnych.","og_url":"https:\/\/asemblo.pl\/en\/galerie-handlowe\/","og_site_name":"Asemblo","article_publisher":"https:\/\/www.facebook.com\/people\/Asemblo\/100061845887243\/","article_modified_time":"2025-03-02T21:03:06+00:00","og_image":[{"url":"https:\/\/asemblo.pl\/wp-content\/uploads\/2022\/07\/GALERIE-1-1024x669.jpg","type":"","width":"","height":""}],"twitter_card":"summary_large_image","schema":{"@context":"https:\/\/schema.org","@graph":[{"@type":"WebPage","@id":"https:\/\/asemblo.pl\/en\/galerie-handlowe\/","url":"https:\/\/asemblo.pl\/en\/galerie-handlowe\/","name":"Galerie Handlowe - Asemblo","isPartOf":{"@id":"https:\/\/asemblo.pl\/en\/#website"},"primaryImageOfPage":{"@id":"https:\/\/asemblo.pl\/en\/galerie-handlowe\/#primaryimage"},"image":{"@id":"https:\/\/asemblo.pl\/en\/galerie-handlowe\/#primaryimage"},"thumbnailUrl":"https:\/\/asemblo.pl\/wp-content\/uploads\/2022\/07\/GALERIE-1-1024x669.jpg","datePublished":"2022-07-01T06:03:07+00:00","dateModified":"2025-03-02T21:03:06+00:00","description":"WIELOLETNIA WSP\u00d3\u0141PRACA Z GALERIAMI HANDLOWYMI, GDZIE MOGLI\u015aMY WYKAZA\u0106 NASZ\u0104 JAKO\u015a\u0106 I PROFESJONALIZM,ZAOWOCOWA\u0141A ZLECENIAMI OD W\u0141A\u015aCICIELI GALERII. Galerie handlowe Dla galerii handlowych wykonujemy r\u00f3\u017cnego rodzaju prace takie jak: remonty, podzia\u0142y lokali, \u0142\u0105czenie lokali czy modernizacji przestrzeni wynajmowanych oraz wsp\u00f3lnych.","breadcrumb":{"@id":"https:\/\/asemblo.pl\/en\/galerie-handlowe\/#breadcrumb"},"inLanguage":"en-US","potentialAction":[{"@type":"ReadAction","target":["https:\/\/asemblo.pl\/en\/galerie-handlowe\/"]}]},{"@type":"ImageObject","inLanguage":"en-US","@id":"https:\/\/asemblo.pl\/en\/galerie-handlowe\/#primaryimage","url":"https:\/\/asemblo.pl\/wp-content\/uploads\/2022\/07\/GALERIE-1-1024x669.jpg","contentUrl":"https:\/\/asemblo.pl\/wp-content\/uploads\/2022\/07\/GALERIE-1-1024x669.jpg"},{"@type":"BreadcrumbList","@id":"https:\/\/asemblo.pl\/en\/galerie-handlowe\/#breadcrumb","itemListElement":[{"@type":"ListItem","position":1,"name":"Strona g\u0142\u00f3wna","item":"https:\/\/asemblo.pl\/en\/"},{"@type":"ListItem","position":2,"name":"Galerie Handlowe"}]},{"@type":"WebSite","@id":"https:\/\/asemblo.pl\/en\/#website","url":"https:\/\/asemblo.pl\/en\/","name":"Asemblo","description":"Projektowanie wn\u0119trz komercyjnych","publisher":{"@id":"https:\/\/asemblo.pl\/en\/#organization"},"potentialAction":[{"@type":"SearchAction","target":{"@type":"EntryPoint","urlTemplate":"https:\/\/asemblo.pl\/en\/?s={search_term_string}"},"query-input":{"@type":"PropertyValueSpecification","valueRequired":true,"valueName":"search_term_string"}}],"inLanguage":"en-US"},{"@type":"Organization","@id":"https:\/\/asemblo.pl\/en\/#organization","name":"Asemblo Sp. z o.o.","url":"https:\/\/asemblo.pl\/en\/","logo":{"@type":"ImageObject","inLanguage":"en-US","@id":"https:\/\/asemblo.pl\/en\/#\/schema\/logo\/image\/","url":"https:\/\/asemblo.pl\/wp-content\/uploads\/2025\/04\/logo_Asemblo.jpg","contentUrl":"https:\/\/asemblo.pl\/wp-content\/uploads\/2025\/04\/logo_Asemblo.jpg","width":800,"height":800,"caption":"Asemblo Sp. z o.o."},"image":{"@id":"https:\/\/asemblo.pl\/en\/#\/schema\/logo\/image\/"},"sameAs":["https:\/\/www.facebook.com\/people\/Asemblo\/100061845887243\/","https:\/\/www.linkedin.com\/company\/asemblo\/mycompany\/"]}]}},"_links":{"self":[{"href":"https:\/\/asemblo.pl\/en\/wp-json\/wp\/v2\/pages\/9492","targetHints":{"allow":["GET"]}}],"collection":[{"href":"https:\/\/asemblo.pl\/en\/wp-json\/wp\/v2\/pages"}],"about":[{"href":"https:\/\/asemblo.pl\/en\/wp-json\/wp\/v2\/types\/page"}],"author":[{"embeddable":true,"href":"https:\/\/asemblo.pl\/en\/wp-json\/wp\/v2\/users\/1"}],"replies":[{"embeddable":true,"href":"https:\/\/asemblo.pl\/en\/wp-json\/wp\/v2\/comments?post=9492"}],"version-history":[{"count":4,"href":"https:\/\/asemblo.pl\/en\/wp-json\/wp\/v2\/pages\/9492\/revisions"}],"predecessor-version":[{"id":10313,"href":"https:\/\/asemblo.pl\/en\/wp-json\/wp\/v2\/pages\/9492\/revisions\/10313"}],"wp:attachment":[{"href":"https:\/\/asemblo.pl\/en\/wp-json\/wp\/v2\/media?parent=9492"}],"curies":[{"name":"wp","href":"https:\/\/api.w.org\/{rel}","templated":true}]}}